{"id":8,"date":"2018-09-18T09:02:45","date_gmt":"2018-09-18T09:02:45","guid":{"rendered":"https:\/\/websitedemos.net\/alex21\/?page_id=8"},"modified":"2020-11-05T15:52:46","modified_gmt":"2020-11-05T15:52:46","slug":"about","status":"publish","type":"page","link":"https:\/\/debangerter.com\/de\/about\/","title":{"rendered":"\u00dcber"},"content":{"rendered":"<div data-elementor-type=\"wp-post\" data-elementor-id=\"8\" class=\"elementor elementor-8\">\n\t\t\t\t\t\t<section class=\"elementor-section elementor-top-section elementor-element elementor-element-cc06a10 elementor-section-boxed elementor-section-height-default elementor-section-height-default\" data-id=\"cc06a10\" data-element_type=\"section\" data-e-type=\"section\" data-settings=\"{&quot;background_background&quot;:&quot;classic&quot;}\">\n\t\t\t\t\t\t\t<div class=\"elementor-background-overlay\"><\/div>\n\t\t\t\t\t\t\t<div class=\"elementor-container elementor-column-gap-no\">\n\t\t\t\t\t<div class=\"elementor-column elementor-col-100 elementor-top-column elementor-element elementor-element-ff87637\" data-id=\"ff87637\" data-element_type=\"column\" data-e-type=\"column\">\n\t\t\t<div class=\"elementor-widget-wrap elementor-element-populated\">\n\t\t\t\t\t\t<div class=\"elementor-element elementor-element-fa03338 elementor-widget elementor-widget-heading\" data-id=\"fa03338\" data-element_type=\"widget\" data-e-type=\"widget\" data-widget_type=\"heading.default\">\n\t\t\t\t<div class=\"elementor-widget-container\">\n\t\t\t\t\t<h6 class=\"elementor-heading-title elementor-size-default\">Ein paar weitere Worte<\/h6>\t\t\t\t<\/div>\n\t\t\t\t<\/div>\n\t\t\t\t<div class=\"elementor-element elementor-element-bfe8f4d elementor-widget elementor-widget-heading\" data-id=\"bfe8f4d\" data-element_type=\"widget\" data-e-type=\"widget\" data-widget_type=\"heading.default\">\n\t\t\t\t<div class=\"elementor-widget-container\">\n\t\t\t\t\t<h1 class=\"elementor-heading-title elementor-size-default\">\u00dcber mich<\/h1>\t\t\t\t<\/div>\n\t\t\t\t<\/div>\n\t\t\t\t\t<\/div>\n\t\t<\/div>\n\t\t\t\t\t<\/div>\n\t\t<\/section>\n\t\t\t\t<section class=\"elementor-section elementor-top-section elementor-element elementor-element-446a499c elementor-section-content-middle elementor-section-boxed elementor-section-height-default elementor-section-height-default\" data-id=\"446a499c\" data-element_type=\"section\" data-e-type=\"section\">\n\t\t\t\t\t\t<div class=\"elementor-container elementor-column-gap-no\">\n\t\t\t\t\t<div class=\"elementor-column elementor-col-50 elementor-top-column elementor-element elementor-element-351a43a3\" data-id=\"351a43a3\" data-element_type=\"column\" data-e-type=\"column\">\n\t\t\t<div class=\"elementor-widget-wrap elementor-element-populated\">\n\t\t\t\t\t\t<div class=\"elementor-element elementor-element-79201971 elementor-widget elementor-widget-heading\" data-id=\"79201971\" data-element_type=\"widget\" data-e-type=\"widget\" data-widget_type=\"heading.default\">\n\t\t\t\t<div class=\"elementor-widget-container\">\n\t\t\t\t\t<h3 class=\"elementor-heading-title elementor-size-xl\">Musik und Tanz kombinieren<\/h3>\t\t\t\t<\/div>\n\t\t\t\t<\/div>\n\t\t\t\t<div class=\"elementor-element elementor-element-7175cafe elementor-widget elementor-widget-text-editor\" data-id=\"7175cafe\" data-element_type=\"widget\" data-e-type=\"widget\" data-widget_type=\"text-editor.default\">\n\t\t\t\t<div class=\"elementor-widget-container\">\n\t\t\t\t\t\t\t\t\t<p>David Eliah Bangerter, 1998 geboren in Z\u00fcrich, studierte Komposition f\u00fcr Film Theater und Medien and der Z\u00fcrcher Hochschule der K\u00fcnste und schloss sein Bachelorstudium 2020 ab. F\u00fcr sein Bachelorprojekt <em>Obsession<\/em> erhielt er die Bestnote. Er wird bald sein Masterstudium in Komposition mit Spezialisierung auf Tanz beginnen. F\u00fcr seine Abschlussarbeit, besch\u00e4ftigte er sich mit der Thematik der neoklassizistischen Ballettmusik und Kurt Weills Musik zu <em>die sieben Tods\u00fcnden<\/em>. Zu Beginn seines Schaffens konzentrierte er sich auf Filmmusik und komponierte die Musik zu Werbespots f\u00fcr Cartoon Network und das Technorama Winterthur, welche in Zusammenarbeit mit Studenten der Hochschule Luzern entstanden.<\/p>\t\t\t\t\t\t\t\t<\/div>\n\t\t\t\t<\/div>\n\t\t\t\t<div class=\"elementor-element elementor-element-3e710676 elementor-widget elementor-widget-heading\" data-id=\"3e710676\" data-element_type=\"widget\" data-e-type=\"widget\" data-widget_type=\"heading.default\">\n\t\t\t\t<div class=\"elementor-widget-container\">\n\t\t\t\t\t<h5 class=\"elementor-heading-title elementor-size-default\">\"Ich nutze oft mathematische Algorithmen und geometrische Figuren, um meine Musik zu konstruieren.\"\n<\/h5>\t\t\t\t<\/div>\n\t\t\t\t<\/div>\n\t\t\t\t<div class=\"elementor-element elementor-element-759741e elementor-widget elementor-widget-text-editor\" data-id=\"759741e\" data-element_type=\"widget\" data-e-type=\"widget\" data-widget_type=\"text-editor.default\">\n\t\t\t\t<div class=\"elementor-widget-container\">\n\t\t\t\t\t\t\t\t\t<p>W\u00e4hrend dem Seminar \"Rhythmus und Timing am eigenen Leib\", unter der Leitung von Dr. Steffen Schmidt und Anna Huber, entdeckte er seine Liebe zum Tanz und war als Komponist Teil mehrerer Tanzproduktionen. 2019 kreierte er eine Klangkomposition f\u00fcr die Tanzperformance <em>Lanyard<\/em>, der Choreographin Stefanie Olbort. W\u00e4hrend der Performance wurde Musik live mit der Hilfe von elektroakustischen Mitteln bearbeitet und anschliessend wurde der Klang im dreidimensionalen Raum projiziert. Im selben Jahr, komponierte er ein Klavierst\u00fcck im Minimal-Stil f\u00fcr die Performance <em>Chrysalis<\/em>, welche von Winston Arnon choreografiert wurde und mit T\u00e4nzer*innen der Z\u00fcrcher Hochschule der K\u00fcnste realisiert wurde.<\/p>\t\t\t\t\t\t\t\t<\/div>\n\t\t\t\t<\/div>\n\t\t\t\t\t<\/div>\n\t\t<\/div>\n\t\t\t\t<div class=\"elementor-column elementor-col-50 elementor-top-column elementor-element elementor-element-651d311e\" data-id=\"651d311e\" data-element_type=\"column\" data-e-type=\"column\" data-settings=\"{&quot;background_background&quot;:&quot;classic&quot;}\">\n\t\t\t<div class=\"elementor-widget-wrap elementor-element-populated\">\n\t\t\t\t\t\t<section class=\"elementor-section elementor-inner-section elementor-element elementor-element-65d4142 elementor-section-boxed elementor-section-height-default elementor-section-height-default\" data-id=\"65d4142\" data-element_type=\"section\" data-e-type=\"section\">\n\t\t\t\t\t\t<div class=\"elementor-container elementor-column-gap-default\">\n\t\t\t\t\t<div class=\"elementor-column elementor-col-100 elementor-inner-column elementor-element elementor-element-04b93f6\" data-id=\"04b93f6\" data-element_type=\"column\" data-e-type=\"column\">\n\t\t\t<div class=\"elementor-widget-wrap elementor-element-populated\">\n\t\t\t\t\t\t<div class=\"elementor-element elementor-element-15735e3 elementor-widget elementor-widget-image\" data-id=\"15735e3\" data-element_type=\"widget\" data-e-type=\"widget\" data-widget_type=\"image.default\">\n\t\t\t\t<div class=\"elementor-widget-container\">\n\t\t\t\t\t\t\t\t\t\t\t\t\t\t\t<img fetchpriority=\"high\" decoding=\"async\" width=\"1000\" height=\"667\" src=\"https:\/\/debangerter.com\/wp-content\/uploads\/2020\/03\/David-2000px-3.jpg\" class=\"attachment-large size-large wp-image-441\" alt=\"\" srcset=\"https:\/\/debangerter.com\/wp-content\/uploads\/2020\/03\/David-2000px-3.jpg 1000w, https:\/\/debangerter.com\/wp-content\/uploads\/2020\/03\/David-2000px-3-300x200.jpg 300w, https:\/\/debangerter.com\/wp-content\/uploads\/2020\/03\/David-2000px-3-768x512.jpg 768w\" sizes=\"(max-width: 1000px) 100vw, 1000px\" \/>\t\t\t\t\t\t\t\t\t\t\t\t\t\t\t<\/div>\n\t\t\t\t<\/div>\n\t\t\t\t\t<\/div>\n\t\t<\/div>\n\t\t\t\t\t<\/div>\n\t\t<\/section>\n\t\t\t\t\t<\/div>\n\t\t<\/div>\n\t\t\t\t\t<\/div>\n\t\t<\/section>\n\t\t\t\t<section class=\"elementor-section elementor-top-section elementor-element elementor-element-596c4de2 elementor-section-content-middle elementor-section-boxed elementor-section-height-default elementor-section-height-default\" data-id=\"596c4de2\" data-element_type=\"section\" data-e-type=\"section\" data-settings=\"{&quot;background_background&quot;:&quot;classic&quot;,&quot;shape_divider_top&quot;:&quot;tilt&quot;}\">\n\t\t\t\t\t\t\t<div class=\"elementor-background-overlay\"><\/div>\n\t\t\t\t\t\t<div class=\"elementor-shape elementor-shape-top\" aria-hidden=\"true\" data-negative=\"false\">\n\t\t\t<svg xmlns=\"http:\/\/www.w3.org\/2000\/svg\" viewbox=\"0 0 1000 100\" preserveaspectratio=\"none\">\n\t<path class=\"elementor-shape-fill\" d=\"M0,6V0h1000v100L0,6z\"\/>\n<\/svg>\t\t<\/div>\n\t\t\t\t\t<div class=\"elementor-container elementor-column-gap-no\">\n\t\t\t\t\t<div class=\"elementor-column elementor-col-100 elementor-top-column elementor-element elementor-element-13cf2fdb\" data-id=\"13cf2fdb\" data-element_type=\"column\" data-e-type=\"column\">\n\t\t\t<div class=\"elementor-widget-wrap\">\n\t\t\t\t\t\t\t<\/div>\n\t\t<\/div>\n\t\t\t\t\t<\/div>\n\t\t<\/section>\n\t\t\t\t<\/div>","protected":false},"excerpt":{"rendered":"<p>A Few More Words About Me Combining music and dance David Eliah Bangerter, born 1998 in Zurich, studied Composition for Film, Theater and Media at the Zurich University of the Arts and finished his bachelor studies in 2020. For his bachelor project Obsession he received top mark. He will soon start his master studies in [&hellip;]<\/p>","protected":false},"author":1,"featured_media":0,"parent":0,"menu_order":0,"comment_status":"closed","ping_status":"closed","template":"","meta":{"site-sidebar-layout":"no-sidebar","site-content-layout":"page-builder","ast-site-content-layout":"","site-content-style":"default","site-sidebar-style":"default","ast-global-header-display":"","ast-banner-title-visibility":"","ast-main-header-display":"","ast-hfb-above-header-display":"","ast-hfb-below-header-display":"","ast-hfb-mobile-header-display":"","site-post-title":"disabled","ast-breadcrumbs-content":"","ast-featured-img":"disabled","footer-sml-layout":"","theme-transparent-header-meta":"","adv-header-id-meta":"","stick-header-meta":"","header-above-stick-meta":"","header-main-stick-meta":"","header-below-stick-meta":"","astra-migrate-meta-layouts":"default","ast-page-background-enabled":"default","ast-page-background-meta":{"desktop":{"background-color":"","background-image":"","background-repeat":"repeat","background-position":"center center","background-size":"auto","background-attachment":"scroll","background-type":"","background-media":"","overlay-type":"","overlay-color":"","overlay-opacity":"","overlay-gradient":""},"tablet":{"background-color":"","background-image":"","background-repeat":"repeat","background-position":"center center","background-size":"auto","background-attachment":"scroll","background-type":"","background-media":"","overlay-type":"","overlay-color":"","overlay-opacity":"","overlay-gradient":""},"mobile":{"background-color":"","background-image":"","background-repeat":"repeat","background-position":"center center","background-size":"auto","background-attachment":"scroll","background-type":"","background-media":"","overlay-type":"","overlay-color":"","overlay-opacity":"","overlay-gradient":""}},"ast-content-background-meta":{"desktop":{"background-color":"var(--ast-global-color-5)","background-image":"","background-repeat":"repeat","background-position":"center center","background-size":"auto","background-attachment":"scroll","background-type":"","background-media":"","overlay-type":"","overlay-color":"","overlay-opacity":"","overlay-gradient":""},"tablet":{"background-color":"var(--ast-global-color-5)","background-image":"","background-repeat":"repeat","background-position":"center center","background-size":"auto","background-attachment":"scroll","background-type":"","background-media":"","overlay-type":"","overlay-color":"","overlay-opacity":"","overlay-gradient":""},"mobile":{"background-color":"var(--ast-global-color-5)","background-image":"","background-repeat":"repeat","background-position":"center center","background-size":"auto","background-attachment":"scroll","background-type":"","background-media":"","overlay-type":"","overlay-color":"","overlay-opacity":"","overlay-gradient":""}},"footnotes":""},"class_list":["post-8","page","type-page","status-publish","hentry"],"yoast_head":"<!-- This site is optimized with the Yoast SEO plugin v27.2 - https:\/\/yoast.com\/product\/yoast-seo-wordpress\/ -->\n<title>About | David Eliah Bangerter<\/title>\n<meta name=\"robots\" content=\"index, follow, max-snippet:-1, max-image-preview:large, max-video-preview:-1\" \/>\n<link rel=\"canonical\" href=\"https:\/\/debangerter.com\/de\/about\/\" \/>\n<meta property=\"og:locale\" content=\"de_DE\" \/>\n<meta property=\"og:type\" content=\"article\" \/>\n<meta property=\"og:title\" content=\"About | David Eliah Bangerter\" \/>\n<meta property=\"og:description\" content=\"A Few More Words About Me Combining music and dance David Eliah Bangerter, born 1998 in Zurich, studied Composition for Film, Theater and Media at the Zurich University of the Arts and finished his bachelor studies in 2020. For his bachelor project Obsession he received top mark. He will soon start his master studies in [&hellip;]\" \/>\n<meta property=\"og:url\" content=\"https:\/\/debangerter.com\/de\/about\/\" \/>\n<meta property=\"og:site_name\" content=\"David Eliah Bangerter\" \/>\n<meta property=\"article:modified_time\" content=\"2020-11-05T15:52:46+00:00\" \/>\n<meta property=\"og:image\" content=\"https:\/\/debangerter.com\/wp-content\/uploads\/2020\/03\/David-2000px-3.jpg\" \/>\n<meta name=\"twitter:card\" content=\"summary_large_image\" \/>\n<meta name=\"twitter:label1\" content=\"Gesch\u00e4tzte Lesezeit\" \/>\n\t<meta name=\"twitter:data1\" content=\"1\u00a0Minute\" \/>\n<script type=\"application\/ld+json\" class=\"yoast-schema-graph\">{\"@context\":\"https:\/\/schema.org\",\"@graph\":[{\"@type\":\"WebPage\",\"@id\":\"https:\/\/debangerter.com\/about\/\",\"url\":\"https:\/\/debangerter.com\/about\/\",\"name\":\"About | David Eliah Bangerter\",\"isPartOf\":{\"@id\":\"https:\/\/debangerter.com\/#website\"},\"primaryImageOfPage\":{\"@id\":\"https:\/\/debangerter.com\/about\/#primaryimage\"},\"image\":{\"@id\":\"https:\/\/debangerter.com\/about\/#primaryimage\"},\"thumbnailUrl\":\"https:\/\/debangerter.com\/wp-content\/uploads\/2020\/03\/David-2000px-3.jpg\",\"datePublished\":\"2018-09-18T09:02:45+00:00\",\"dateModified\":\"2020-11-05T15:52:46+00:00\",\"breadcrumb\":{\"@id\":\"https:\/\/debangerter.com\/about\/#breadcrumb\"},\"inLanguage\":\"de-CH\",\"potentialAction\":[{\"@type\":\"ReadAction\",\"target\":[\"https:\/\/debangerter.com\/about\/\"]}]},{\"@type\":\"ImageObject\",\"inLanguage\":\"de-CH\",\"@id\":\"https:\/\/debangerter.com\/about\/#primaryimage\",\"url\":\"https:\/\/debangerter.com\/wp-content\/uploads\/2020\/03\/David-2000px-3.jpg\",\"contentUrl\":\"https:\/\/debangerter.com\/wp-content\/uploads\/2020\/03\/David-2000px-3.jpg\"},{\"@type\":\"BreadcrumbList\",\"@id\":\"https:\/\/debangerter.com\/about\/#breadcrumb\",\"itemListElement\":[{\"@type\":\"ListItem\",\"position\":1,\"name\":\"Home\",\"item\":\"https:\/\/debangerter.com\/\"},{\"@type\":\"ListItem\",\"position\":2,\"name\":\"About\"}]},{\"@type\":\"WebSite\",\"@id\":\"https:\/\/debangerter.com\/#website\",\"url\":\"https:\/\/debangerter.com\/\",\"name\":\"David Eliah Bangerter\",\"description\":\"Composer for dance and performance art\",\"publisher\":{\"@id\":\"https:\/\/debangerter.com\/#\/schema\/person\/8dcadbbbe3d38a6fee1a455927776921\"},\"potentialAction\":[{\"@type\":\"SearchAction\",\"target\":{\"@type\":\"EntryPoint\",\"urlTemplate\":\"https:\/\/debangerter.com\/?s={search_term_string}\"},\"query-input\":{\"@type\":\"PropertyValueSpecification\",\"valueRequired\":true,\"valueName\":\"search_term_string\"}}],\"inLanguage\":\"de-CH\"},{\"@type\":[\"Person\",\"Organization\"],\"@id\":\"https:\/\/debangerter.com\/#\/schema\/person\/8dcadbbbe3d38a6fee1a455927776921\",\"name\":\"David Bangerter\",\"image\":{\"@type\":\"ImageObject\",\"inLanguage\":\"de-CH\",\"@id\":\"https:\/\/debangerter.com\/wp-content\/uploads\/2020\/02\/logo-2.png\",\"url\":\"https:\/\/debangerter.com\/wp-content\/uploads\/2020\/02\/logo-2.png\",\"contentUrl\":\"https:\/\/debangerter.com\/wp-content\/uploads\/2020\/02\/logo-2.png\",\"width\":400,\"height\":400,\"caption\":\"David Bangerter\"},\"logo\":{\"@id\":\"https:\/\/debangerter.com\/wp-content\/uploads\/2020\/02\/logo-2.png\"}}]}<\/script>\n<!-- \/ Yoast SEO plugin. -->","yoast_head_json":{"title":"About | David Eliah Bangerter","robots":{"index":"index","follow":"follow","max-snippet":"max-snippet:-1","max-image-preview":"max-image-preview:large","max-video-preview":"max-video-preview:-1"},"canonical":"https:\/\/debangerter.com\/de\/about\/","og_locale":"de_DE","og_type":"article","og_title":"About | David Eliah Bangerter","og_description":"A Few More Words About Me Combining music and dance David Eliah Bangerter, born 1998 in Zurich, studied Composition for Film, Theater and Media at the Zurich University of the Arts and finished his bachelor studies in 2020. For his bachelor project Obsession he received top mark. He will soon start his master studies in [&hellip;]","og_url":"https:\/\/debangerter.com\/de\/about\/","og_site_name":"David Eliah Bangerter","article_modified_time":"2020-11-05T15:52:46+00:00","og_image":[{"url":"https:\/\/debangerter.com\/wp-content\/uploads\/2020\/03\/David-2000px-3.jpg","type":"","width":"","height":""}],"twitter_card":"summary_large_image","twitter_misc":{"Gesch\u00e4tzte Lesezeit":"1\u00a0Minute"},"schema":{"@context":"https:\/\/schema.org","@graph":[{"@type":"WebPage","@id":"https:\/\/debangerter.com\/about\/","url":"https:\/\/debangerter.com\/about\/","name":"About | David Eliah Bangerter","isPartOf":{"@id":"https:\/\/debangerter.com\/#website"},"primaryImageOfPage":{"@id":"https:\/\/debangerter.com\/about\/#primaryimage"},"image":{"@id":"https:\/\/debangerter.com\/about\/#primaryimage"},"thumbnailUrl":"https:\/\/debangerter.com\/wp-content\/uploads\/2020\/03\/David-2000px-3.jpg","datePublished":"2018-09-18T09:02:45+00:00","dateModified":"2020-11-05T15:52:46+00:00","breadcrumb":{"@id":"https:\/\/debangerter.com\/about\/#breadcrumb"},"inLanguage":"de-CH","potentialAction":[{"@type":"ReadAction","target":["https:\/\/debangerter.com\/about\/"]}]},{"@type":"ImageObject","inLanguage":"de-CH","@id":"https:\/\/debangerter.com\/about\/#primaryimage","url":"https:\/\/debangerter.com\/wp-content\/uploads\/2020\/03\/David-2000px-3.jpg","contentUrl":"https:\/\/debangerter.com\/wp-content\/uploads\/2020\/03\/David-2000px-3.jpg"},{"@type":"BreadcrumbList","@id":"https:\/\/debangerter.com\/about\/#breadcrumb","itemListElement":[{"@type":"ListItem","position":1,"name":"Home","item":"https:\/\/debangerter.com\/"},{"@type":"ListItem","position":2,"name":"About"}]},{"@type":"WebSite","@id":"https:\/\/debangerter.com\/#website","url":"https:\/\/debangerter.com\/","name":"David Eliah Bangerter","description":"Composer for dance and performance art","publisher":{"@id":"https:\/\/debangerter.com\/#\/schema\/person\/8dcadbbbe3d38a6fee1a455927776921"},"potentialAction":[{"@type":"SearchAction","target":{"@type":"EntryPoint","urlTemplate":"https:\/\/debangerter.com\/?s={search_term_string}"},"query-input":{"@type":"PropertyValueSpecification","valueRequired":true,"valueName":"search_term_string"}}],"inLanguage":"de-CH"},{"@type":["Person","Organization"],"@id":"https:\/\/debangerter.com\/#\/schema\/person\/8dcadbbbe3d38a6fee1a455927776921","name":"David Bangerter","image":{"@type":"ImageObject","inLanguage":"de-CH","@id":"https:\/\/debangerter.com\/wp-content\/uploads\/2020\/02\/logo-2.png","url":"https:\/\/debangerter.com\/wp-content\/uploads\/2020\/02\/logo-2.png","contentUrl":"https:\/\/debangerter.com\/wp-content\/uploads\/2020\/02\/logo-2.png","width":400,"height":400,"caption":"David Bangerter"},"logo":{"@id":"https:\/\/debangerter.com\/wp-content\/uploads\/2020\/02\/logo-2.png"}}]}},"_links":{"self":[{"href":"https:\/\/debangerter.com\/de\/wp-json\/wp\/v2\/pages\/8","targetHints":{"allow":["GET"]}}],"collection":[{"href":"https:\/\/debangerter.com\/de\/wp-json\/wp\/v2\/pages"}],"about":[{"href":"https:\/\/debangerter.com\/de\/wp-json\/wp\/v2\/types\/page"}],"author":[{"embeddable":true,"href":"https:\/\/debangerter.com\/de\/wp-json\/wp\/v2\/users\/1"}],"replies":[{"embeddable":true,"href":"https:\/\/debangerter.com\/de\/wp-json\/wp\/v2\/comments?post=8"}],"version-history":[{"count":14,"href":"https:\/\/debangerter.com\/de\/wp-json\/wp\/v2\/pages\/8\/revisions"}],"predecessor-version":[{"id":489,"href":"https:\/\/debangerter.com\/de\/wp-json\/wp\/v2\/pages\/8\/revisions\/489"}],"wp:attachment":[{"href":"https:\/\/debangerter.com\/de\/wp-json\/wp\/v2\/media?parent=8"}],"curies":[{"name":"wp","href":"https:\/\/api.w.org\/{rel}","templated":true}]}}